{"id":2480,"date":"2025-08-13T20:07:22","date_gmt":"2025-08-13T23:07:22","guid":{"rendered":"https:\/\/www.xn--ak-pet-wjb.com\/product\/biyolojik-sunger-mavi-siyah-25x50-cm\/"},"modified":"2025-08-13T20:07:23","modified_gmt":"2025-08-13T23:07:23","slug":"biyolojik-sunger-mavi-siyah-25x50-cm","status":"publish","type":"product","link":"https:\/\/www.xn--ak-pet-wjb.com\/?product=biyolojik-sunger-mavi-siyah-25x50-cm","title":{"rendered":"B\u0130YOLOJ\u0130K S\u00dcNGER MAV\u0130-S\u0130YAH 25&#215;50 CM"},"content":{"rendered":"","protected":false},"excerpt":{"rendered":"","protected":false},"featured_media":1508,"comment_status":"closed","ping_status":"open","template":"","meta":[],"product_brand":[],"product_cat":[26,20],"product_tag":[],"class_list":{"0":"post-2480","1":"product","2":"type-product","3":"status-publish","4":"has-post-thumbnail","6":"product_cat-akvaryum-aksesuarlari-ve-ekipmanlari","7":"product_cat-balik","9":"first","10":"instock","11":"sold-individually","12":"product-type-simple"},"_links":{"self":[{"href":"https:\/\/www.xn--ak-pet-wjb.com\/index.php?rest_route=\/wp\/v2\/product\/2480","targetHints":{"allow":["GET"]}}],"collection":[{"href":"https:\/\/www.xn--ak-pet-wjb.com\/index.php?rest_route=\/wp\/v2\/product"}],"about":[{"href":"https:\/\/www.xn--ak-pet-wjb.com\/index.php?rest_route=\/wp\/v2\/types\/product"}],"replies":[{"embeddable":true,"href":"https:\/\/www.xn--ak-pet-wjb.com\/index.php?rest_route=%2Fwp%2Fv2%2Fcomments&post=2480"}],"version-history":[{"count":0,"href":"https:\/\/www.xn--ak-pet-wjb.com\/index.php?rest_route=\/wp\/v2\/product\/2480\/revisions"}],"wp:featuredmedia":[{"embeddable":true,"href":"https:\/\/www.xn--ak-pet-wjb.com\/index.php?rest_route=\/wp\/v2\/media\/1508"}],"wp:attachment":[{"href":"https:\/\/www.xn--ak-pet-wjb.com\/index.php?rest_route=%2Fwp%2Fv2%2Fmedia&parent=2480"}],"wp:term":[{"taxonomy":"product_brand","embeddable":true,"href":"https:\/\/www.xn--ak-pet-wjb.com\/index.php?rest_route=%2Fwp%2Fv2%2Fproduct_brand&post=2480"},{"taxonomy":"product_cat","embeddable":true,"href":"https:\/\/www.xn--ak-pet-wjb.com\/index.php?rest_route=%2Fwp%2Fv2%2Fproduct_cat&post=2480"},{"taxonomy":"product_tag","embeddable":true,"href":"https:\/\/www.xn--ak-pet-wjb.com\/index.php?rest_route=%2Fwp%2Fv2%2Fproduct_tag&post=2480"}],"curies":[{"name":"wp","href":"https:\/\/api.w.org\/{rel}","templated":true}]}}