{"id":2552,"date":"2025-08-13T20:07:42","date_gmt":"2025-08-13T23:07:42","guid":{"rendered":"https:\/\/www.xn--ak-pet-wjb.com\/product\/zampa-karisik-akvaryum-bitkisi-3-cm-20li-paket\/"},"modified":"2025-08-13T20:07:43","modified_gmt":"2025-08-13T23:07:43","slug":"zampa-karisik-akvaryum-bitkisi-3-cm-20li-paket","status":"publish","type":"product","link":"https:\/\/www.xn--ak-pet-wjb.com\/?product=zampa-karisik-akvaryum-bitkisi-3-cm-20li-paket","title":{"rendered":"Zampa Kar\u0131\u015f\u0131k Akvaryum Bitkisi 3 cm, 20&#8217;li paket"},"content":{"rendered":"","protected":false},"excerpt":{"rendered":"","protected":false},"featured_media":0,"comment_status":"closed","ping_status":"open","template":"","meta":[],"product_brand":[],"product_cat":[20,29],"product_tag":[],"class_list":{"0":"post-2552","1":"product","2":"type-product","3":"status-publish","5":"product_cat-balik","6":"product_cat-dekoratif-malzemeler-bitki-aksesuarlari","8":"first","9":"instock","10":"sold-individually","11":"product-type-simple"},"_links":{"self":[{"href":"https:\/\/www.xn--ak-pet-wjb.com\/index.php?rest_route=\/wp\/v2\/product\/2552","targetHints":{"allow":["GET"]}}],"collection":[{"href":"https:\/\/www.xn--ak-pet-wjb.com\/index.php?rest_route=\/wp\/v2\/product"}],"about":[{"href":"https:\/\/www.xn--ak-pet-wjb.com\/index.php?rest_route=\/wp\/v2\/types\/product"}],"replies":[{"embeddable":true,"href":"https:\/\/www.xn--ak-pet-wjb.com\/index.php?rest_route=%2Fwp%2Fv2%2Fcomments&post=2552"}],"version-history":[{"count":0,"href":"https:\/\/www.xn--ak-pet-wjb.com\/index.php?rest_route=\/wp\/v2\/product\/2552\/revisions"}],"wp:attachment":[{"href":"https:\/\/www.xn--ak-pet-wjb.com\/index.php?rest_route=%2Fwp%2Fv2%2Fmedia&parent=2552"}],"wp:term":[{"taxonomy":"product_brand","embeddable":true,"href":"https:\/\/www.xn--ak-pet-wjb.com\/index.php?rest_route=%2Fwp%2Fv2%2Fproduct_brand&post=2552"},{"taxonomy":"product_cat","embeddable":true,"href":"https:\/\/www.xn--ak-pet-wjb.com\/index.php?rest_route=%2Fwp%2Fv2%2Fproduct_cat&post=2552"},{"taxonomy":"product_tag","embeddable":true,"href":"https:\/\/www.xn--ak-pet-wjb.com\/index.php?rest_route=%2Fwp%2Fv2%2Fproduct_tag&post=2552"}],"curies":[{"name":"wp","href":"https:\/\/api.w.org\/{rel}","templated":true}]}}