{"id":2615,"date":"2025-08-13T20:07:57","date_gmt":"2025-08-13T23:07:57","guid":{"rendered":"https:\/\/www.xn--ak-pet-wjb.com\/product\/rs-hava-motoru-cift-cikisli-45-l-dk-5-w\/"},"modified":"2025-08-13T20:07:58","modified_gmt":"2025-08-13T23:07:58","slug":"rs-hava-motoru-cift-cikisli-45-l-dk-5-w","status":"publish","type":"product","link":"https:\/\/www.xn--ak-pet-wjb.com\/?product=rs-hava-motoru-cift-cikisli-45-l-dk-5-w","title":{"rendered":"RS Hava Motoru \u00c7ift \u00c7\u0131k\u0131\u015fl\u0131 4,5 L &#8211; dk 5 W"},"content":{"rendered":"","protected":false},"excerpt":{"rendered":"","protected":false},"featured_media":0,"comment_status":"closed","ping_status":"open","template":"","meta":[],"product_brand":[],"product_cat":[20,33],"product_tag":[],"class_list":{"0":"post-2615","1":"product","2":"type-product","3":"status-publish","5":"product_cat-balik","6":"product_cat-hava-motorlari","8":"first","9":"instock","10":"sold-individually","11":"product-type-simple"},"_links":{"self":[{"href":"https:\/\/www.xn--ak-pet-wjb.com\/index.php?rest_route=\/wp\/v2\/product\/2615","targetHints":{"allow":["GET"]}}],"collection":[{"href":"https:\/\/www.xn--ak-pet-wjb.com\/index.php?rest_route=\/wp\/v2\/product"}],"about":[{"href":"https:\/\/www.xn--ak-pet-wjb.com\/index.php?rest_route=\/wp\/v2\/types\/product"}],"replies":[{"embeddable":true,"href":"https:\/\/www.xn--ak-pet-wjb.com\/index.php?rest_route=%2Fwp%2Fv2%2Fcomments&post=2615"}],"version-history":[{"count":0,"href":"https:\/\/www.xn--ak-pet-wjb.com\/index.php?rest_route=\/wp\/v2\/product\/2615\/revisions"}],"wp:attachment":[{"href":"https:\/\/www.xn--ak-pet-wjb.com\/index.php?rest_route=%2Fwp%2Fv2%2Fmedia&parent=2615"}],"wp:term":[{"taxonomy":"product_brand","embeddable":true,"href":"https:\/\/www.xn--ak-pet-wjb.com\/index.php?rest_route=%2Fwp%2Fv2%2Fproduct_brand&post=2615"},{"taxonomy":"product_cat","embeddable":true,"href":"https:\/\/www.xn--ak-pet-wjb.com\/index.php?rest_route=%2Fwp%2Fv2%2Fproduct_cat&post=2615"},{"taxonomy":"product_tag","embeddable":true,"href":"https:\/\/www.xn--ak-pet-wjb.com\/index.php?rest_route=%2Fwp%2Fv2%2Fproduct_tag&post=2615"}],"curies":[{"name":"wp","href":"https:\/\/api.w.org\/{rel}","templated":true}]}}