{"id":2864,"date":"2025-08-13T20:14:58","date_gmt":"2025-08-13T23:14:58","guid":{"rendered":"https:\/\/www.xn--ak-pet-wjb.com\/product\/plastik-sapli-kedi-oltasi-zilli-12li\/"},"modified":"2025-08-13T20:14:59","modified_gmt":"2025-08-13T23:14:59","slug":"plastik-sapli-kedi-oltasi-zilli-12li","status":"publish","type":"product","link":"https:\/\/www.xn--ak-pet-wjb.com\/?product=plastik-sapli-kedi-oltasi-zilli-12li","title":{"rendered":"PLAST\u0130K SAPLI KED\u0130 OLTASI Z\u0130LL\u0130 12&#8217;L\u0130"},"content":{"rendered":"","protected":false},"excerpt":{"rendered":"","protected":false},"featured_media":1915,"comment_status":"closed","ping_status":"open","template":"","meta":[],"product_brand":[],"product_cat":[21,47],"product_tag":[],"class_list":{"0":"post-2864","1":"product","2":"type-product","3":"status-publish","4":"has-post-thumbnail","6":"product_cat-kedi","7":"product_cat-oyuncaklar","9":"first","10":"instock","11":"sold-individually","12":"product-type-simple"},"_links":{"self":[{"href":"https:\/\/www.xn--ak-pet-wjb.com\/index.php?rest_route=\/wp\/v2\/product\/2864","targetHints":{"allow":["GET"]}}],"collection":[{"href":"https:\/\/www.xn--ak-pet-wjb.com\/index.php?rest_route=\/wp\/v2\/product"}],"about":[{"href":"https:\/\/www.xn--ak-pet-wjb.com\/index.php?rest_route=\/wp\/v2\/types\/product"}],"replies":[{"embeddable":true,"href":"https:\/\/www.xn--ak-pet-wjb.com\/index.php?rest_route=%2Fwp%2Fv2%2Fcomments&post=2864"}],"version-history":[{"count":0,"href":"https:\/\/www.xn--ak-pet-wjb.com\/index.php?rest_route=\/wp\/v2\/product\/2864\/revisions"}],"wp:featuredmedia":[{"embeddable":true,"href":"https:\/\/www.xn--ak-pet-wjb.com\/index.php?rest_route=\/wp\/v2\/media\/1915"}],"wp:attachment":[{"href":"https:\/\/www.xn--ak-pet-wjb.com\/index.php?rest_route=%2Fwp%2Fv2%2Fmedia&parent=2864"}],"wp:term":[{"taxonomy":"product_brand","embeddable":true,"href":"https:\/\/www.xn--ak-pet-wjb.com\/index.php?rest_route=%2Fwp%2Fv2%2Fproduct_brand&post=2864"},{"taxonomy":"product_cat","embeddable":true,"href":"https:\/\/www.xn--ak-pet-wjb.com\/index.php?rest_route=%2Fwp%2Fv2%2Fproduct_cat&post=2864"},{"taxonomy":"product_tag","embeddable":true,"href":"https:\/\/www.xn--ak-pet-wjb.com\/index.php?rest_route=%2Fwp%2Fv2%2Fproduct_tag&post=2864"}],"curies":[{"name":"wp","href":"https:\/\/api.w.org\/{rel}","templated":true}]}}