{"id":2904,"date":"2025-08-13T20:15:08","date_gmt":"2025-08-13T23:15:08","guid":{"rendered":"https:\/\/www.xn--ak-pet-wjb.com\/product\/evcil-hayvan-tuy-ve-bakim-fircasi-agac-sapli\/"},"modified":"2025-08-13T20:15:09","modified_gmt":"2025-08-13T23:15:09","slug":"evcil-hayvan-tuy-ve-bakim-fircasi-agac-sapli","status":"publish","type":"product","link":"https:\/\/www.xn--ak-pet-wjb.com\/?product=evcil-hayvan-tuy-ve-bakim-fircasi-agac-sapli","title":{"rendered":"Evcil Hayvan T\u00fcy ve Bak\u0131m F\u0131r\u00e7as\u0131 A\u011fac Sapl\u0131"},"content":{"rendered":"","protected":false},"excerpt":{"rendered":"","protected":false},"featured_media":1956,"comment_status":"closed","ping_status":"open","template":"","meta":[],"product_brand":[],"product_cat":[21,49],"product_tag":[],"class_list":{"0":"post-2904","1":"product","2":"type-product","3":"status-publish","4":"has-post-thumbnail","6":"product_cat-kedi","7":"product_cat-tarak","9":"first","10":"instock","11":"sold-individually","12":"product-type-simple"},"_links":{"self":[{"href":"https:\/\/www.xn--ak-pet-wjb.com\/index.php?rest_route=\/wp\/v2\/product\/2904","targetHints":{"allow":["GET"]}}],"collection":[{"href":"https:\/\/www.xn--ak-pet-wjb.com\/index.php?rest_route=\/wp\/v2\/product"}],"about":[{"href":"https:\/\/www.xn--ak-pet-wjb.com\/index.php?rest_route=\/wp\/v2\/types\/product"}],"replies":[{"embeddable":true,"href":"https:\/\/www.xn--ak-pet-wjb.com\/index.php?rest_route=%2Fwp%2Fv2%2Fcomments&post=2904"}],"version-history":[{"count":0,"href":"https:\/\/www.xn--ak-pet-wjb.com\/index.php?rest_route=\/wp\/v2\/product\/2904\/revisions"}],"wp:featuredmedia":[{"embeddable":true,"href":"https:\/\/www.xn--ak-pet-wjb.com\/index.php?rest_route=\/wp\/v2\/media\/1956"}],"wp:attachment":[{"href":"https:\/\/www.xn--ak-pet-wjb.com\/index.php?rest_route=%2Fwp%2Fv2%2Fmedia&parent=2904"}],"wp:term":[{"taxonomy":"product_brand","embeddable":true,"href":"https:\/\/www.xn--ak-pet-wjb.com\/index.php?rest_route=%2Fwp%2Fv2%2Fproduct_brand&post=2904"},{"taxonomy":"product_cat","embeddable":true,"href":"https:\/\/www.xn--ak-pet-wjb.com\/index.php?rest_route=%2Fwp%2Fv2%2Fproduct_cat&post=2904"},{"taxonomy":"product_tag","embeddable":true,"href":"https:\/\/www.xn--ak-pet-wjb.com\/index.php?rest_route=%2Fwp%2Fv2%2Fproduct_tag&post=2904"}],"curies":[{"name":"wp","href":"https:\/\/api.w.org\/{rel}","templated":true}]}}