{"id":3048,"date":"2025-08-13T20:59:40","date_gmt":"2025-08-13T23:59:40","guid":{"rendered":"https:\/\/www.xn--ak-pet-wjb.com\/product\/pawpaw-somon-balikli-chunk-kopek-konserve-400-g-24lu\/"},"modified":"2025-08-13T20:59:40","modified_gmt":"2025-08-13T23:59:40","slug":"pawpaw-somon-balikli-chunk-kopek-konserve-400-g-24lu","status":"publish","type":"product","link":"https:\/\/www.xn--ak-pet-wjb.com\/?product=pawpaw-somon-balikli-chunk-kopek-konserve-400-g-24lu","title":{"rendered":"PawPaw Somon Bal\u0131kl\u0131 Chunk K\u00f6pek Konserve 400 G 24&#8217;l\u00fc"},"content":{"rendered":"","protected":false},"excerpt":{"rendered":"","protected":false},"featured_media":2157,"comment_status":"closed","ping_status":"open","template":"","meta":[],"product_brand":[],"product_cat":[23,59],"product_tag":[],"class_list":{"0":"post-3048","1":"product","2":"type-product","3":"status-publish","4":"has-post-thumbnail","6":"product_cat-kopek","7":"product_cat-kopek-yas-mamasi","9":"first","10":"instock","11":"sold-individually","12":"product-type-simple"},"_links":{"self":[{"href":"https:\/\/www.xn--ak-pet-wjb.com\/index.php?rest_route=\/wp\/v2\/product\/3048","targetHints":{"allow":["GET"]}}],"collection":[{"href":"https:\/\/www.xn--ak-pet-wjb.com\/index.php?rest_route=\/wp\/v2\/product"}],"about":[{"href":"https:\/\/www.xn--ak-pet-wjb.com\/index.php?rest_route=\/wp\/v2\/types\/product"}],"replies":[{"embeddable":true,"href":"https:\/\/www.xn--ak-pet-wjb.com\/index.php?rest_route=%2Fwp%2Fv2%2Fcomments&post=3048"}],"version-history":[{"count":0,"href":"https:\/\/www.xn--ak-pet-wjb.com\/index.php?rest_route=\/wp\/v2\/product\/3048\/revisions"}],"wp:featuredmedia":[{"embeddable":true,"href":"https:\/\/www.xn--ak-pet-wjb.com\/index.php?rest_route=\/wp\/v2\/media\/2157"}],"wp:attachment":[{"href":"https:\/\/www.xn--ak-pet-wjb.com\/index.php?rest_route=%2Fwp%2Fv2%2Fmedia&parent=3048"}],"wp:term":[{"taxonomy":"product_brand","embeddable":true,"href":"https:\/\/www.xn--ak-pet-wjb.com\/index.php?rest_route=%2Fwp%2Fv2%2Fproduct_brand&post=3048"},{"taxonomy":"product_cat","embeddable":true,"href":"https:\/\/www.xn--ak-pet-wjb.com\/index.php?rest_route=%2Fwp%2Fv2%2Fproduct_cat&post=3048"},{"taxonomy":"product_tag","embeddable":true,"href":"https:\/\/www.xn--ak-pet-wjb.com\/index.php?rest_route=%2Fwp%2Fv2%2Fproduct_tag&post=3048"}],"curies":[{"name":"wp","href":"https:\/\/api.w.org\/{rel}","templated":true}]}}