{"id":3120,"date":"2025-08-13T20:59:55","date_gmt":"2025-08-13T23:59:55","guid":{"rendered":"https:\/\/www.xn--ak-pet-wjb.com\/product\/51-renkli-cantali-diski-poseti\/"},"modified":"2025-08-13T20:59:57","modified_gmt":"2025-08-13T23:59:57","slug":"51-renkli-cantali-diski-poseti","status":"publish","type":"product","link":"https:\/\/www.xn--ak-pet-wjb.com\/?product=51-renkli-cantali-diski-poseti","title":{"rendered":"5+1 Renkli \u00c7antal\u0131 D\u0131\u015fk\u0131 Po\u015feti"},"content":{"rendered":"","protected":false},"excerpt":{"rendered":"","protected":false},"featured_media":0,"comment_status":"closed","ping_status":"open","template":"","meta":[],"product_brand":[],"product_cat":[23,64],"product_tag":[],"class_list":{"0":"post-3120","1":"product","2":"type-product","3":"status-publish","5":"product_cat-kopek","6":"product_cat-saglik-ve-bakim-urunleri-kopek","8":"first","9":"instock","10":"sold-individually","11":"product-type-simple"},"_links":{"self":[{"href":"https:\/\/www.xn--ak-pet-wjb.com\/index.php?rest_route=\/wp\/v2\/product\/3120","targetHints":{"allow":["GET"]}}],"collection":[{"href":"https:\/\/www.xn--ak-pet-wjb.com\/index.php?rest_route=\/wp\/v2\/product"}],"about":[{"href":"https:\/\/www.xn--ak-pet-wjb.com\/index.php?rest_route=\/wp\/v2\/types\/product"}],"replies":[{"embeddable":true,"href":"https:\/\/www.xn--ak-pet-wjb.com\/index.php?rest_route=%2Fwp%2Fv2%2Fcomments&post=3120"}],"version-history":[{"count":0,"href":"https:\/\/www.xn--ak-pet-wjb.com\/index.php?rest_route=\/wp\/v2\/product\/3120\/revisions"}],"wp:attachment":[{"href":"https:\/\/www.xn--ak-pet-wjb.com\/index.php?rest_route=%2Fwp%2Fv2%2Fmedia&parent=3120"}],"wp:term":[{"taxonomy":"product_brand","embeddable":true,"href":"https:\/\/www.xn--ak-pet-wjb.com\/index.php?rest_route=%2Fwp%2Fv2%2Fproduct_brand&post=3120"},{"taxonomy":"product_cat","embeddable":true,"href":"https:\/\/www.xn--ak-pet-wjb.com\/index.php?rest_route=%2Fwp%2Fv2%2Fproduct_cat&post=3120"},{"taxonomy":"product_tag","embeddable":true,"href":"https:\/\/www.xn--ak-pet-wjb.com\/index.php?rest_route=%2Fwp%2Fv2%2Fproduct_tag&post=3120"}],"curies":[{"name":"wp","href":"https:\/\/api.w.org\/{rel}","templated":true}]}}