{"id":3187,"date":"2025-08-13T21:00:15","date_gmt":"2025-08-14T00:00:15","guid":{"rendered":"https:\/\/www.xn--ak-pet-wjb.com\/product\/buyuk-yuvarlak-simit-yatak-yastikli-2\/"},"modified":"2025-08-13T21:00:15","modified_gmt":"2025-08-14T00:00:15","slug":"buyuk-yuvarlak-simit-yatak-yastikli-2","status":"publish","type":"product","link":"https:\/\/www.xn--ak-pet-wjb.com\/?product=buyuk-yuvarlak-simit-yatak-yastikli-2","title":{"rendered":"B\u00fcy\u00fck Yuvarlak Simit Yatak (Yast\u0131kl\u0131)"},"content":{"rendered":"","protected":false},"excerpt":{"rendered":"","protected":false},"featured_media":2033,"comment_status":"closed","ping_status":"open","template":"","meta":[],"product_brand":[],"product_cat":[23,67],"product_tag":[],"class_list":{"0":"post-3187","1":"product","2":"type-product","3":"status-publish","4":"has-post-thumbnail","6":"product_cat-kopek","7":"product_cat-tasmalar-bahce-zincirleri","9":"first","10":"instock","11":"sold-individually","12":"product-type-simple"},"_links":{"self":[{"href":"https:\/\/www.xn--ak-pet-wjb.com\/index.php?rest_route=\/wp\/v2\/product\/3187","targetHints":{"allow":["GET"]}}],"collection":[{"href":"https:\/\/www.xn--ak-pet-wjb.com\/index.php?rest_route=\/wp\/v2\/product"}],"about":[{"href":"https:\/\/www.xn--ak-pet-wjb.com\/index.php?rest_route=\/wp\/v2\/types\/product"}],"replies":[{"embeddable":true,"href":"https:\/\/www.xn--ak-pet-wjb.com\/index.php?rest_route=%2Fwp%2Fv2%2Fcomments&post=3187"}],"version-history":[{"count":0,"href":"https:\/\/www.xn--ak-pet-wjb.com\/index.php?rest_route=\/wp\/v2\/product\/3187\/revisions"}],"wp:featuredmedia":[{"embeddable":true,"href":"https:\/\/www.xn--ak-pet-wjb.com\/index.php?rest_route=\/wp\/v2\/media\/2033"}],"wp:attachment":[{"href":"https:\/\/www.xn--ak-pet-wjb.com\/index.php?rest_route=%2Fwp%2Fv2%2Fmedia&parent=3187"}],"wp:term":[{"taxonomy":"product_brand","embeddable":true,"href":"https:\/\/www.xn--ak-pet-wjb.com\/index.php?rest_route=%2Fwp%2Fv2%2Fproduct_brand&post=3187"},{"taxonomy":"product_cat","embeddable":true,"href":"https:\/\/www.xn--ak-pet-wjb.com\/index.php?rest_route=%2Fwp%2Fv2%2Fproduct_cat&post=3187"},{"taxonomy":"product_tag","embeddable":true,"href":"https:\/\/www.xn--ak-pet-wjb.com\/index.php?rest_route=%2Fwp%2Fv2%2Fproduct_tag&post=3187"}],"curies":[{"name":"wp","href":"https:\/\/api.w.org\/{rel}","templated":true}]}}