{"id":3199,"date":"2025-08-13T21:00:15","date_gmt":"2025-08-14T00:00:15","guid":{"rendered":"https:\/\/www.xn--ak-pet-wjb.com\/product\/doglife-kopekler-icin-desenli-gogus-tasmasi-gezdirme-20cm\/"},"modified":"2025-08-13T21:00:17","modified_gmt":"2025-08-14T00:00:17","slug":"doglife-kopekler-icin-desenli-gogus-tasmasi-gezdirme-20cm","status":"publish","type":"product","link":"https:\/\/www.xn--ak-pet-wjb.com\/?product=doglife-kopekler-icin-desenli-gogus-tasmasi-gezdirme-20cm","title":{"rendered":"DOGL\u0130FE K\u00d6PEKLER \u0130\u00c7\u0130N DESENL\u0130 G\u00d6\u011e\u00dcS TASMASI + GEZD\u0130RME 2,0CM"},"content":{"rendered":"","protected":false},"excerpt":{"rendered":"","protected":false},"featured_media":0,"comment_status":"closed","ping_status":"open","template":"","meta":[],"product_brand":[],"product_cat":[23,67],"product_tag":[],"class_list":{"0":"post-3199","1":"product","2":"type-product","3":"status-publish","5":"product_cat-kopek","6":"product_cat-tasmalar-bahce-zincirleri","8":"first","9":"instock","10":"sold-individually","11":"product-type-simple"},"_links":{"self":[{"href":"https:\/\/www.xn--ak-pet-wjb.com\/index.php?rest_route=\/wp\/v2\/product\/3199","targetHints":{"allow":["GET"]}}],"collection":[{"href":"https:\/\/www.xn--ak-pet-wjb.com\/index.php?rest_route=\/wp\/v2\/product"}],"about":[{"href":"https:\/\/www.xn--ak-pet-wjb.com\/index.php?rest_route=\/wp\/v2\/types\/product"}],"replies":[{"embeddable":true,"href":"https:\/\/www.xn--ak-pet-wjb.com\/index.php?rest_route=%2Fwp%2Fv2%2Fcomments&post=3199"}],"version-history":[{"count":0,"href":"https:\/\/www.xn--ak-pet-wjb.com\/index.php?rest_route=\/wp\/v2\/product\/3199\/revisions"}],"wp:attachment":[{"href":"https:\/\/www.xn--ak-pet-wjb.com\/index.php?rest_route=%2Fwp%2Fv2%2Fmedia&parent=3199"}],"wp:term":[{"taxonomy":"product_brand","embeddable":true,"href":"https:\/\/www.xn--ak-pet-wjb.com\/index.php?rest_route=%2Fwp%2Fv2%2Fproduct_brand&post=3199"},{"taxonomy":"product_cat","embeddable":true,"href":"https:\/\/www.xn--ak-pet-wjb.com\/index.php?rest_route=%2Fwp%2Fv2%2Fproduct_cat&post=3199"},{"taxonomy":"product_tag","embeddable":true,"href":"https:\/\/www.xn--ak-pet-wjb.com\/index.php?rest_route=%2Fwp%2Fv2%2Fproduct_tag&post=3199"}],"curies":[{"name":"wp","href":"https:\/\/api.w.org\/{rel}","templated":true}]}}